{"id":238,"date":"2023-04-17T16:03:17","date_gmt":"2023-04-17T13:03:17","guid":{"rendered":"https:\/\/businesskids.academy\/?page_id=238"},"modified":"2026-03-18T17:30:54","modified_gmt":"2026-03-18T15:30:54","slug":"contact-us","status":"publish","type":"page","link":"https:\/\/businesskids.lt\/lt\/contact-us\/","title":{"rendered":"Susisiekite"},"content":{"rendered":"<div data-elementor-type=\"wp-page\" data-elementor-id=\"238\" class=\"elementor elementor-238\" data-elementor-post-type=\"page\">\n\t\t\t\t\t\t<section data-particle_enable=\"false\" data-particle-mobile-disabled=\"false\" class=\"elementor-section elementor-top-section elementor-element elementor-element-45e1f6c elementor-section-boxed elementor-section-height-default elementor-section-height-default\" data-id=\"45e1f6c\" data-element_type=\"section\" data-settings=\"{&quot;background_background&quot;:&quot;classic&quot;,&quot;shape_divider_bottom&quot;:&quot;tilt&quot;}\">\n\t\t\t\t\t\t\t<div class=\"elementor-background-overlay\"><\/div>\n\t\t\t\t\t\t<div class=\"elementor-shape elementor-shape-bottom\" aria-hidden=\"true\" data-negative=\"false\">\n\t\t\t<svg xmlns=\"http:\/\/www.w3.org\/2000\/svg\" viewbox=\"0 0 1000 100\" preserveaspectratio=\"none\">\n\t<path class=\"elementor-shape-fill\" d=\"M0,6V0h1000v100L0,6z\"\/>\n<\/svg>\t\t<\/div>\n\t\t\t\t\t<div class=\"elementor-container elementor-column-gap-default\">\n\t\t\t\t\t<div class=\"elementor-column elementor-col-100 elementor-top-column elementor-element elementor-element-e5ae7b9\" data-id=\"e5ae7b9\" data-element_type=\"column\">\n\t\t\t<div class=\"elementor-widget-wrap elementor-element-populated\">\n\t\t\t\t\t\t<div class=\"elementor-element elementor-element-9720263 elementor-widget elementor-widget-text-editor\" data-id=\"9720263\" data-element_type=\"widget\" data-widget_type=\"text-editor.default\">\n\t\t\t\t<div class=\"elementor-widget-container\">\n\t\t\t\t\t\t\t\t\t<h1 style=\"text-align: center;\"><span style=\"color: #ffffff;\">Susisiekite su mumis<\/span><\/h1>\t\t\t\t\t\t\t\t<\/div>\n\t\t\t\t<\/div>\n\t\t\t\t\t<\/div>\n\t\t<\/div>\n\t\t\t\t\t<\/div>\n\t\t<\/section>\n\t\t\t\t<section data-particle_enable=\"false\" data-particle-mobile-disabled=\"false\" class=\"elementor-section elementor-top-section elementor-element elementor-element-8112cc3 elementor-section-boxed elementor-section-height-default elementor-section-height-default\" data-id=\"8112cc3\" data-element_type=\"section\">\n\t\t\t\t\t\t<div class=\"elementor-container elementor-column-gap-default\">\n\t\t\t\t\t<div class=\"elementor-column elementor-col-100 elementor-top-column elementor-element elementor-element-e4f391c\" data-id=\"e4f391c\" data-element_type=\"column\">\n\t\t\t<div class=\"elementor-widget-wrap elementor-element-populated\">\n\t\t\t\t\t\t<div class=\"elementor-element elementor-element-c250b4c elementor-align-center elementor-widget elementor-widget-button\" data-id=\"c250b4c\" data-element_type=\"widget\" data-widget_type=\"button.default\">\n\t\t\t\t<div class=\"elementor-widget-container\">\n\t\t\t\t\t\t\t\t\t<div class=\"elementor-button-wrapper\">\n\t\t\t\t\t<a class=\"elementor-button elementor-button-link elementor-size-sm\" href=\"https:\/\/forms.gle\/XievUyDHtsLpvima7\" target=\"_blank\">\n\t\t\t\t\t\t<span class=\"elementor-button-content-wrapper\">\n\t\t\t\t\t\t<span class=\"elementor-button-icon\">\n\t\t\t\t<i aria-hidden=\"true\" class=\"fas fa-location-arrow\"><\/i>\t\t\t<\/span>\n\t\t\t\t\t\t\t\t\t<span class=\"elementor-button-text\">BusinessKids vasaros stovyklos<\/span>\n\t\t\t\t\t<\/span>\n\t\t\t\t\t<\/a>\n\t\t\t\t<\/div>\n\t\t\t\t\t\t\t\t<\/div>\n\t\t\t\t<\/div>\n\t\t\t\t\t<\/div>\n\t\t<\/div>\n\t\t\t\t\t<\/div>\n\t\t<\/section>\n\t\t\t\t<section data-particle_enable=\"false\" data-particle-mobile-disabled=\"false\" class=\"elementor-section elementor-top-section elementor-element elementor-element-9e8b27d elementor-section-boxed elementor-section-height-default elementor-section-height-default\" data-id=\"9e8b27d\" data-element_type=\"section\">\n\t\t\t\t\t\t<div class=\"elementor-container elementor-column-gap-default\">\n\t\t\t\t\t<div class=\"elementor-column elementor-col-50 elementor-top-column elementor-element elementor-element-beaf3f1\" data-id=\"beaf3f1\" data-element_type=\"column\">\n\t\t\t<div class=\"elementor-widget-wrap elementor-element-populated\">\n\t\t\t\t\t\t<div class=\"elementor-element elementor-element-f348e39 elementor-widget elementor-widget-image\" data-id=\"f348e39\" data-element_type=\"widget\" data-widget_type=\"image.default\">\n\t\t\t\t<div class=\"elementor-widget-container\">\n\t\t\t\t\t\t\t\t\t\t\t\t\t\t\t<img fetchpriority=\"high\" decoding=\"async\" width=\"1024\" height=\"683\" src=\"https:\/\/businesskids.lt\/wp-content\/uploads\/2023\/04\/businesskids-academy-home-08-1024x683.jpg\" class=\"attachment-large size-large wp-image-198\" alt=\"\" srcset=\"https:\/\/businesskids.lt\/wp-content\/uploads\/2023\/04\/businesskids-academy-home-08-1024x683.jpg 1024w, https:\/\/businesskids.lt\/wp-content\/uploads\/2023\/04\/businesskids-academy-home-08-300x200.jpg 300w, https:\/\/businesskids.lt\/wp-content\/uploads\/2023\/04\/businesskids-academy-home-08-768x512.jpg 768w, https:\/\/businesskids.lt\/wp-content\/uploads\/2023\/04\/businesskids-academy-home-08-1536x1025.jpg 1536w, https:\/\/businesskids.lt\/wp-content\/uploads\/2023\/04\/businesskids-academy-home-08.jpg 1920w\" sizes=\"(max-width: 1024px) 100vw, 1024px\" \/>\t\t\t\t\t\t\t\t\t\t\t\t\t\t\t<\/div>\n\t\t\t\t<\/div>\n\t\t\t\t\t<\/div>\n\t\t<\/div>\n\t\t\t\t<div class=\"elementor-column elementor-col-50 elementor-top-column elementor-element elementor-element-222362e\" data-id=\"222362e\" data-element_type=\"column\">\n\t\t\t<div class=\"elementor-widget-wrap elementor-element-populated\">\n\t\t\t\t\t\t<div class=\"elementor-element elementor-element-23c7a20 elementor-widget elementor-widget-text-editor\" data-id=\"23c7a20\" data-element_type=\"widget\" data-widget_type=\"text-editor.default\">\n\t\t\t\t<div class=\"elementor-widget-container\">\n\t\t\t\t\t\t\t\t\t<h3><span style=\"color: #7f43a8;\">Ar norite su\u017einoti daugiau apie m\u016bs\u0173 programas?<\/span><\/h3>\t\t\t\t\t\t\t\t<\/div>\n\t\t\t\t<\/div>\n\t\t\t\t<div class=\"elementor-element elementor-element-eceb82c elementor-widget elementor-widget-text-editor\" data-id=\"eceb82c\" data-element_type=\"widget\" data-widget_type=\"text-editor.default\">\n\t\t\t\t<div class=\"elementor-widget-container\">\n\t\t\t\t\t\t\t\t\t<h5><span style=\"color: #333333;\">Para\u0161ykite mums arba skambinkite ir atsakysime j\u016bs\u0173 klausimus.<br \/>Telefonas: +370 (691) 47 933<\/span><\/h5>\t\t\t\t\t\t\t\t<\/div>\n\t\t\t\t<\/div>\n\t\t\t\t\t<\/div>\n\t\t<\/div>\n\t\t\t\t\t<\/div>\n\t\t<\/section>\n\t\t\t\t<section data-particle_enable=\"false\" data-particle-mobile-disabled=\"false\" class=\"elementor-section elementor-top-section elementor-element elementor-element-aadd49f elementor-section-boxed elementor-section-height-default elementor-section-height-default\" data-id=\"aadd49f\" data-element_type=\"section\" data-settings=\"{&quot;background_background&quot;:&quot;classic&quot;,&quot;shape_divider_top&quot;:&quot;tilt&quot;,&quot;shape_divider_bottom&quot;:&quot;tilt&quot;}\">\n\t\t\t\t\t<div class=\"elementor-shape elementor-shape-top\" aria-hidden=\"true\" data-negative=\"false\">\n\t\t\t<svg xmlns=\"http:\/\/www.w3.org\/2000\/svg\" viewbox=\"0 0 1000 100\" preserveaspectratio=\"none\">\n\t<path class=\"elementor-shape-fill\" d=\"M0,6V0h1000v100L0,6z\"\/>\n<\/svg>\t\t<\/div>\n\t\t\t\t<div class=\"elementor-shape elementor-shape-bottom\" aria-hidden=\"true\" data-negative=\"false\">\n\t\t\t<svg xmlns=\"http:\/\/www.w3.org\/2000\/svg\" viewbox=\"0 0 1000 100\" preserveaspectratio=\"none\">\n\t<path class=\"elementor-shape-fill\" d=\"M0,6V0h1000v100L0,6z\"\/>\n<\/svg>\t\t<\/div>\n\t\t\t\t\t<div class=\"elementor-container elementor-column-gap-default\">\n\t\t\t\t\t<div class=\"elementor-column elementor-col-25 elementor-top-column elementor-element elementor-element-1d75618\" data-id=\"1d75618\" data-element_type=\"column\">\n\t\t\t<div class=\"elementor-widget-wrap elementor-element-populated\">\n\t\t\t\t\t\t<div class=\"elementor-element elementor-element-1b754f6 elementor-widget elementor-widget-spacer\" data-id=\"1b754f6\" data-element_type=\"widget\" data-widget_type=\"spacer.default\">\n\t\t\t\t<div class=\"elementor-widget-container\">\n\t\t\t\t\t\t\t<div class=\"elementor-spacer\">\n\t\t\t<div class=\"elementor-spacer-inner\"><\/div>\n\t\t<\/div>\n\t\t\t\t\t\t<\/div>\n\t\t\t\t<\/div>\n\t\t\t\t\t<\/div>\n\t\t<\/div>\n\t\t\t\t<div class=\"elementor-column elementor-col-50 elementor-top-column elementor-element elementor-element-14cb1e6\" data-id=\"14cb1e6\" data-element_type=\"column\">\n\t\t\t<div class=\"elementor-widget-wrap elementor-element-populated\">\n\t\t\t\t\t\t<div class=\"elementor-element elementor-element-6e2754e elementor-widget elementor-widget-spacer\" data-id=\"6e2754e\" data-element_type=\"widget\" data-widget_type=\"spacer.default\">\n\t\t\t\t<div class=\"elementor-widget-container\">\n\t\t\t\t\t\t\t<div class=\"elementor-spacer\">\n\t\t\t<div class=\"elementor-spacer-inner\"><\/div>\n\t\t<\/div>\n\t\t\t\t\t\t<\/div>\n\t\t\t\t<\/div>\n\t\t\t\t<div class=\"elementor-element elementor-element-2671b6b elementor-widget elementor-widget-text-editor\" data-id=\"2671b6b\" data-element_type=\"widget\" data-widget_type=\"text-editor.default\">\n\t\t\t\t<div class=\"elementor-widget-container\">\n\t\t\t\t\t\t\t\t\t<h3><span style=\"color: #ffffff;\">Arba, jei pageidaujate, u\u017epildykite \u0161i\u0105 form\u0105 ir mes su jumis susisieksime:<\/span><\/h3>\t\t\t\t\t\t\t\t<\/div>\n\t\t\t\t<\/div>\n\t\t\t\t<div class=\"elementor-element elementor-element-9374d66 elementor-button-align-stretch elementor-widget elementor-widget-form\" data-id=\"9374d66\" data-element_type=\"widget\" data-settings=\"{&quot;step_next_label&quot;:&quot;Next&quot;,&quot;step_previous_label&quot;:&quot;Previous&quot;,&quot;button_width&quot;:&quot;100&quot;,&quot;step_type&quot;:&quot;number_text&quot;,&quot;step_icon_shape&quot;:&quot;circle&quot;}\" data-widget_type=\"form.default\">\n\t\t\t\t<div class=\"elementor-widget-container\">\n\t\t\t\t\t\t\t<form class=\"elementor-form\" method=\"post\" name=\"BusinessKids Lithuania\" action=\"\">\n\t\t\t<input type=\"hidden\" name=\"post_id\" value=\"238\"\/>\n\t\t\t<input type=\"hidden\" name=\"form_id\" value=\"9374d66\"\/>\n\t\t\t<input type=\"hidden\" name=\"referer_title\" value=\"BusinessKids&reg; Lithuania\" \/>\n\n\t\t\t\n\t\t\t<div class=\"elementor-form-fields-wrapper elementor-labels-above\">\n\t\t\t\t\t\t\t\t<div class=\"elementor-field-type-text elementor-field-group elementor-column elementor-field-group-name elementor-col-100\">\n\t\t\t\t\t\t\t\t\t\t\t\t\t<input size=\"1\" type=\"text\" name=\"form_fields[name]\" id=\"form-field-name\" class=\"elementor-field elementor-size-sm  elementor-field-textual\" placeholder=\"Vardas\">\n\t\t\t\t\t\t\t\t\t\t\t<\/div>\n\t\t\t\t\t\t\t\t<div class=\"elementor-field-type-email elementor-field-group elementor-column elementor-field-group-email elementor-col-100 elementor-field-required\">\n\t\t\t\t\t\t\t\t\t\t\t\t\t<input size=\"1\" type=\"email\" name=\"form_fields[email]\" id=\"form-field-email\" class=\"elementor-field elementor-size-sm  elementor-field-textual\" placeholder=\"El.pa\u0161tas\" required=\"required\">\n\t\t\t\t\t\t\t\t\t\t\t<\/div>\n\t\t\t\t\t\t\t\t<div class=\"elementor-field-type-text elementor-field-group elementor-column elementor-field-group-field_b0f7c7f elementor-col-100\">\n\t\t\t\t\t\t\t\t\t\t\t\t\t<input size=\"1\" type=\"text\" name=\"form_fields[field_b0f7c7f]\" id=\"form-field-field_b0f7c7f\" class=\"elementor-field elementor-size-sm  elementor-field-textual\" placeholder=\"Telefonas\">\n\t\t\t\t\t\t\t\t\t\t\t<\/div>\n\t\t\t\t\t\t\t\t<div class=\"elementor-field-type-textarea elementor-field-group elementor-column elementor-field-group-message elementor-col-100\">\n\t\t\t\t\t<textarea class=\"elementor-field-textual elementor-field  elementor-size-sm\" name=\"form_fields[message]\" id=\"form-field-message\" rows=\"4\" placeholder=\"\u017dinut\u0117\"><\/textarea>\t\t\t\t<\/div>\n\t\t\t\t\t\t\t\t<div class=\"elementor-field-type-recaptcha_v3 elementor-field-group elementor-column elementor-field-group-field_de19b53 elementor-col-100 recaptcha_v3-bottomright\">\n\t\t\t\t\t<div class=\"elementor-field\" id=\"form-field-field_de19b53\"><div class=\"elementor-g-recaptcha\" data-sitekey=\"6LdASvYrAAAAAE1f3HUe9wj7DJ60w5-VUxW6hhfD\" data-type=\"v3\" data-action=\"Form\" data-badge=\"bottomright\" data-size=\"invisible\"><\/div><\/div>\t\t\t\t<\/div>\n\t\t\t\t\t\t\t\t<div class=\"elementor-field-group elementor-column elementor-field-type-submit elementor-col-100 e-form__buttons\">\n\t\t\t\t\t<button class=\"elementor-button elementor-size-sm\" type=\"submit\">\n\t\t\t\t\t\t<span class=\"elementor-button-content-wrapper\">\n\t\t\t\t\t\t\t\t\t\t\t\t\t\t\t\t\t\t\t\t\t\t<span class=\"elementor-button-text\">Si\u0173sti<\/span>\n\t\t\t\t\t\t\t\t\t\t\t\t\t<\/span>\n\t\t\t\t\t<\/button>\n\t\t\t\t<\/div>\n\t\t\t<\/div>\n\t\t<input type=\"hidden\" name=\"trp-form-language\" value=\"lt\"\/><\/form>\n\t\t\t\t\t\t<\/div>\n\t\t\t\t<\/div>\n\t\t\t\t\t<\/div>\n\t\t<\/div>\n\t\t\t\t<div class=\"elementor-column elementor-col-25 elementor-top-column elementor-element elementor-element-a98a38f\" data-id=\"a98a38f\" data-element_type=\"column\">\n\t\t\t<div class=\"elementor-widget-wrap elementor-element-populated\">\n\t\t\t\t\t\t<div class=\"elementor-element elementor-element-0e483aa elementor-widget elementor-widget-spacer\" data-id=\"0e483aa\" data-element_type=\"widget\" data-widget_type=\"spacer.default\">\n\t\t\t\t<div class=\"elementor-widget-container\">\n\t\t\t\t\t\t\t<div class=\"elementor-spacer\">\n\t\t\t<div class=\"elementor-spacer-inner\"><\/div>\n\t\t<\/div>\n\t\t\t\t\t\t<\/div>\n\t\t\t\t<\/div>\n\t\t\t\t\t<\/div>\n\t\t<\/div>\n\t\t\t\t\t<\/div>\n\t\t<\/section>\n\t\t\t\t<\/div>","protected":false},"excerpt":{"rendered":"<p>Contact Us Registration for summer camps Do you want to know more about our programs? Write us or call us and solve all your doubts.Phone:\u00a0+370 (691) 47 933 Or if you prefer, fill out the following form and we will contact you:<\/p>","protected":false},"author":1,"featured_media":0,"parent":0,"menu_order":0,"comment_status":"closed","ping_status":"closed","template":"elementor_header_footer","meta":{"footnotes":""},"class_list":["post-238","page","type-page","status-publish"],"yoast_head":"<!-- This site is optimized with the Yoast SEO plugin v25.7 - https:\/\/yoast.com\/wordpress\/plugins\/seo\/ -->\n<title>Contact - BusinessKids&reg; Lithuania<\/title>\n<meta name=\"robots\" content=\"index, follow, max-snippet:-1, max-image-preview:large, max-video-preview:-1\" \/>\n<link rel=\"canonical\" href=\"https:\/\/businesskids.lt\/lt\/contact-us\/\" \/>\n<meta property=\"og:locale\" content=\"lt_LT\" \/>\n<meta property=\"og:type\" content=\"article\" \/>\n<meta property=\"og:title\" content=\"Contact - BusinessKids&reg; Lithuania\" \/>\n<meta property=\"og:description\" content=\"Contact Us Registration for summer camps Do you want to know more about our programs? Write us or call us and solve all your doubts.Phone:\u00a0+370 (691) 47 933 Or if you prefer, fill out the following form and we will contact you:\" \/>\n<meta property=\"og:url\" content=\"https:\/\/businesskids.lt\/lt\/contact-us\/\" \/>\n<meta property=\"og:site_name\" content=\"BusinessKids&reg; Lithuania\" \/>\n<meta property=\"article:modified_time\" content=\"2026-03-18T15:30:54+00:00\" \/>\n<meta property=\"og:image\" content=\"https:\/\/businesskids.lt\/wp-content\/uploads\/2023\/04\/businesskids-academy-home-08.jpg\" \/>\n\t<meta property=\"og:image:width\" content=\"1920\" \/>\n\t<meta property=\"og:image:height\" content=\"1281\" \/>\n\t<meta property=\"og:image:type\" content=\"image\/jpeg\" \/>\n<meta name=\"twitter:card\" content=\"summary_large_image\" \/>\n<meta name=\"twitter:label1\" content=\"Est. reading time\" \/>\n\t<meta name=\"twitter:data1\" content=\"1 minut\u0117\" \/>\n<script type=\"application\/ld+json\" class=\"yoast-schema-graph\">{\"@context\":\"https:\/\/schema.org\",\"@graph\":[{\"@type\":\"WebPage\",\"@id\":\"https:\/\/businesskids.lt\/contact-us\/\",\"url\":\"https:\/\/businesskids.lt\/contact-us\/\",\"name\":\"Contact - BusinessKids&reg; Lithuania\",\"isPartOf\":{\"@id\":\"https:\/\/businesskids.lt\/#website\"},\"primaryImageOfPage\":{\"@id\":\"https:\/\/businesskids.lt\/contact-us\/#primaryimage\"},\"image\":{\"@id\":\"https:\/\/businesskids.lt\/contact-us\/#primaryimage\"},\"thumbnailUrl\":\"https:\/\/businesskids.lt\/wp-content\/uploads\/2023\/04\/businesskids-academy-home-08-1024x683.jpg\",\"datePublished\":\"2023-04-17T13:03:17+00:00\",\"dateModified\":\"2026-03-18T15:30:54+00:00\",\"breadcrumb\":{\"@id\":\"https:\/\/businesskids.lt\/contact-us\/#breadcrumb\"},\"inLanguage\":\"lt-LT\",\"potentialAction\":[{\"@type\":\"ReadAction\",\"target\":[\"https:\/\/businesskids.lt\/contact-us\/\"]}]},{\"@type\":\"ImageObject\",\"inLanguage\":\"lt-LT\",\"@id\":\"https:\/\/businesskids.lt\/contact-us\/#primaryimage\",\"url\":\"https:\/\/businesskids.lt\/wp-content\/uploads\/2023\/04\/businesskids-academy-home-08-1024x683.jpg\",\"contentUrl\":\"https:\/\/businesskids.lt\/wp-content\/uploads\/2023\/04\/businesskids-academy-home-08-1024x683.jpg\"},{\"@type\":\"BreadcrumbList\",\"@id\":\"https:\/\/businesskids.lt\/contact-us\/#breadcrumb\",\"itemListElement\":[{\"@type\":\"ListItem\",\"position\":1,\"name\":\"Portada\",\"item\":\"https:\/\/businesskids.lt\/\"},{\"@type\":\"ListItem\",\"position\":2,\"name\":\"Contact\"}]},{\"@type\":\"WebSite\",\"@id\":\"https:\/\/businesskids.lt\/#website\",\"url\":\"https:\/\/businesskids.lt\/\",\"name\":\"BusinessKids&reg; Lithuania\",\"description\":\"Fun Entrepreneurial Education for Kids\",\"publisher\":{\"@id\":\"https:\/\/businesskids.lt\/#organization\"},\"potentialAction\":[{\"@type\":\"SearchAction\",\"target\":{\"@type\":\"EntryPoint\",\"urlTemplate\":\"https:\/\/businesskids.lt\/?s={search_term_string}\"},\"query-input\":{\"@type\":\"PropertyValueSpecification\",\"valueRequired\":true,\"valueName\":\"search_term_string\"}}],\"inLanguage\":\"lt-LT\"},{\"@type\":\"Organization\",\"@id\":\"https:\/\/businesskids.lt\/#organization\",\"name\":\"BusinessKids&reg; Lithuania\",\"url\":\"https:\/\/businesskids.lt\/\",\"logo\":{\"@type\":\"ImageObject\",\"inLanguage\":\"lt-LT\",\"@id\":\"https:\/\/businesskids.lt\/#\/schema\/logo\/image\/\",\"url\":\"https:\/\/businesskids.lt\/wp-content\/uploads\/2023\/04\/bk.logo_.png\",\"contentUrl\":\"https:\/\/businesskids.lt\/wp-content\/uploads\/2023\/04\/bk.logo_.png\",\"width\":792,\"height\":244,\"caption\":\"BusinessKids&reg; Lithuania\"},\"image\":{\"@id\":\"https:\/\/businesskids.lt\/#\/schema\/logo\/image\/\"}}]}<\/script>\n<!-- \/ Yoast SEO plugin. -->","yoast_head_json":{"title":"Contact - BusinessKids&reg; Lithuania","robots":{"index":"index","follow":"follow","max-snippet":"max-snippet:-1","max-image-preview":"max-image-preview:large","max-video-preview":"max-video-preview:-1"},"canonical":"https:\/\/businesskids.lt\/lt\/contact-us\/","og_locale":"lt_LT","og_type":"article","og_title":"Contact - BusinessKids&reg; Lithuania","og_description":"Contact Us Registration for summer camps Do you want to know more about our programs? Write us or call us and solve all your doubts.Phone:\u00a0+370 (691) 47 933 Or if you prefer, fill out the following form and we will contact you:","og_url":"https:\/\/businesskids.lt\/lt\/contact-us\/","og_site_name":"BusinessKids&reg; Lithuania","article_modified_time":"2026-03-18T15:30:54+00:00","og_image":[{"width":1920,"height":1281,"url":"https:\/\/businesskids.lt\/wp-content\/uploads\/2023\/04\/businesskids-academy-home-08.jpg","type":"image\/jpeg"}],"twitter_card":"summary_large_image","twitter_misc":{"Est. reading time":"1 minut\u0117"},"schema":{"@context":"https:\/\/schema.org","@graph":[{"@type":"WebPage","@id":"https:\/\/businesskids.lt\/contact-us\/","url":"https:\/\/businesskids.lt\/contact-us\/","name":"Contact - BusinessKids&reg; Lithuania","isPartOf":{"@id":"https:\/\/businesskids.lt\/#website"},"primaryImageOfPage":{"@id":"https:\/\/businesskids.lt\/contact-us\/#primaryimage"},"image":{"@id":"https:\/\/businesskids.lt\/contact-us\/#primaryimage"},"thumbnailUrl":"https:\/\/businesskids.lt\/wp-content\/uploads\/2023\/04\/businesskids-academy-home-08-1024x683.jpg","datePublished":"2023-04-17T13:03:17+00:00","dateModified":"2026-03-18T15:30:54+00:00","breadcrumb":{"@id":"https:\/\/businesskids.lt\/contact-us\/#breadcrumb"},"inLanguage":"lt-LT","potentialAction":[{"@type":"ReadAction","target":["https:\/\/businesskids.lt\/contact-us\/"]}]},{"@type":"ImageObject","inLanguage":"lt-LT","@id":"https:\/\/businesskids.lt\/contact-us\/#primaryimage","url":"https:\/\/businesskids.lt\/wp-content\/uploads\/2023\/04\/businesskids-academy-home-08-1024x683.jpg","contentUrl":"https:\/\/businesskids.lt\/wp-content\/uploads\/2023\/04\/businesskids-academy-home-08-1024x683.jpg"},{"@type":"BreadcrumbList","@id":"https:\/\/businesskids.lt\/contact-us\/#breadcrumb","itemListElement":[{"@type":"ListItem","position":1,"name":"Portada","item":"https:\/\/businesskids.lt\/"},{"@type":"ListItem","position":2,"name":"Contact"}]},{"@type":"WebSite","@id":"https:\/\/businesskids.lt\/#website","url":"https:\/\/businesskids.lt\/","name":"BusinessKids&reg; Lithuania","description":"Fun Entrepreneurial Education for Kids","publisher":{"@id":"https:\/\/businesskids.lt\/#organization"},"potentialAction":[{"@type":"SearchAction","target":{"@type":"EntryPoint","urlTemplate":"https:\/\/businesskids.lt\/?s={search_term_string}"},"query-input":{"@type":"PropertyValueSpecification","valueRequired":true,"valueName":"search_term_string"}}],"inLanguage":"lt-LT"},{"@type":"Organization","@id":"https:\/\/businesskids.lt\/#organization","name":"BusinessKids&reg; Lithuania","url":"https:\/\/businesskids.lt\/","logo":{"@type":"ImageObject","inLanguage":"lt-LT","@id":"https:\/\/businesskids.lt\/#\/schema\/logo\/image\/","url":"https:\/\/businesskids.lt\/wp-content\/uploads\/2023\/04\/bk.logo_.png","contentUrl":"https:\/\/businesskids.lt\/wp-content\/uploads\/2023\/04\/bk.logo_.png","width":792,"height":244,"caption":"BusinessKids&reg; Lithuania"},"image":{"@id":"https:\/\/businesskids.lt\/#\/schema\/logo\/image\/"}}]}},"_links":{"self":[{"href":"https:\/\/businesskids.lt\/lt\/wp-json\/wp\/v2\/pages\/238","targetHints":{"allow":["GET"]}}],"collection":[{"href":"https:\/\/businesskids.lt\/lt\/wp-json\/wp\/v2\/pages"}],"about":[{"href":"https:\/\/businesskids.lt\/lt\/wp-json\/wp\/v2\/types\/page"}],"author":[{"embeddable":true,"href":"https:\/\/businesskids.lt\/lt\/wp-json\/wp\/v2\/users\/1"}],"replies":[{"embeddable":true,"href":"https:\/\/businesskids.lt\/lt\/wp-json\/wp\/v2\/comments?post=238"}],"version-history":[{"count":50,"href":"https:\/\/businesskids.lt\/lt\/wp-json\/wp\/v2\/pages\/238\/revisions"}],"predecessor-version":[{"id":1313,"href":"https:\/\/businesskids.lt\/lt\/wp-json\/wp\/v2\/pages\/238\/revisions\/1313"}],"wp:attachment":[{"href":"https:\/\/businesskids.lt\/lt\/wp-json\/wp\/v2\/media?parent=238"}],"curies":[{"name":"wp","href":"https:\/\/api.w.org\/{rel}","templated":true}]}}